{"id":34,"date":"2021-03-11T09:02:57","date_gmt":"2021-03-11T09:02:57","guid":{"rendered":"https:\/\/www.cssigniter.com\/demos\/spencer\/?page_id=34"},"modified":"2022-06-05T13:17:59","modified_gmt":"2022-06-05T13:17:59","slug":"inicio","status":"publish","type":"page","link":"https:\/\/www.susanalinares.com\/","title":{"rendered":"Inicio"},"content":{"rendered":"<div\n\t\t\t\tid=\"block-\"\n\t\t\t\tclass=\"wp-block-gutenbee-post-types block- is-style-ignition-spencer-item-alt\"\n\t\t\t\t\t\t\t><div class=\"row row-items row-columns-1\">\t\t\t\t<div class=\"content marketing term-5 term-7 col-12\">\n\n<article id=\"entry-165\" class=\"entry-item post-165 post type-post status-publish format-standard has-post-thumbnail hentry category-content category-marketing\">\n\t<header class=\"entry-header\">\t\t<span class=\"entry-meta-item entry-categories\">\n\t\t\t<a href=\"https:\/\/www.susanalinares.com\/index.php\/category\/content\/\" rel=\"category tag\">Content<\/a>, <a href=\"https:\/\/www.susanalinares.com\/index.php\/category\/marketing\/\" rel=\"category tag\">Marketing<\/a>\t\t<\/span>\n\t\t<h2 class=\"entry-title\"><a href=\"https:\/\/www.susanalinares.com\/index.php\/2022\/06\/06\/viaje-a-mexico\/\">Viaje a Mexico<\/a><\/h2><div class=\"entry-meta\">\t\t<span class=\"entry-meta-item entry-date\">\n\t\t\t<time datetime=\"2022-06-06T13:15:55+00:00\">junio 6, 2022<\/time>\n\t\t<\/span>\n\t\t\t\t<span class=\"entry-meta-item entry-author\">\n\t\t\tby <span class=\"author vcard\"><a class=\"url fn n\" href=\"https:\/\/www.susanalinares.com\/index.php\/author\/soporte_19hffpul\/\">admin<\/a><\/span>\t\t<\/span>\n\t\t\t\t\t<span class=\"entry-meta-item entry-comments-link\">\n\t\t\t\t<a href=\"https:\/\/www.susanalinares.com\/index.php\/2022\/06\/06\/viaje-a-mexico\/#respond\">Leave a Comment<span class=\"screen-reader-text\"> on Viaje a Mexico<\/span><\/a>\t\t\t<\/span>\n\t\t\t<\/div><\/header>\n\t\t<figure class=\"entry-thumb\">\n\t\t<a href=\"https:\/\/www.susanalinares.com\/index.php\/2022\/06\/06\/viaje-a-mexico\/\">\n\t\t\t<img loading=\"lazy\" decoding=\"async\" width=\"770\" height=\"513\" src=\"https:\/\/www.susanalinares.com\/wp-content\/uploads\/2022\/06\/mexico1-770x513.jpg\" class=\"attachment-post-thumbnail size-post-thumbnail wp-post-image\" alt=\"\" srcset=\"https:\/\/www.susanalinares.com\/wp-content\/uploads\/2022\/06\/mexico1-770x513.jpg 770w, https:\/\/www.susanalinares.com\/wp-content\/uploads\/2022\/06\/mexico1-300x199.jpg 300w\" sizes=\"auto, (max-width: 770px) 100vw, 770px\" \/>\t\t<\/a>\n\t<\/figure>\n\t\n\t<div class=\"entry-item-content-wrap\">\n\n\t\t<div class=\"entry-item-excerpt\">\n\t\t\t<p>Lorem ipsum dolor sit amet, consectetur adipiscing elit. Aenean sit amet scelerisque tellus. Integer in dolor lacinia, vestibulum justo nec, faucibus ipsum. Pellentesque a rhoncus urna, a pellentesque dolor. Nullam dapibus tellus eu orci congue [&hellip;]<\/p>\n\t\t<\/div>\n\n\t\t<div class=\"entry-more-wrap\">\n\t\t\t<a href=\"https:\/\/www.susanalinares.com\/index.php\/2022\/06\/06\/viaje-a-mexico\/\" class=\"btn entry-more-btn\">\n\t\t\t\tRead More\t\t\t<\/a>\n\t\t<\/div>\n\t<\/div>\n<\/article>\n\n<\/div><\/div><\/div>\n\n\n<div class=\"wp-block-gutenbee-spacer block-1277a1-c0a4-4f\" aria-hidden=\"true\"><style>.wp-block-gutenbee-spacer.block-1277a1-c0a4-4f { height: 49px; }<\/style><div class=\"wp-block-gutenbee-spacer-background\" data-parallax-speed=\"0.3\"><\/div><\/div>\n\n\n<div\n\t\t\t\tid=\"block-\"\n\t\t\t\tclass=\"wp-block-gutenbee-post-types block- is-style-ignition-spencer-item-alt\"\n\t\t\t\t\t\t\t><div class=\"row row-items row-columns-2\">\t\t\t\t<div class=\"content marketing term-5 term-7 col-md-6 col-12\">\n\n<article id=\"entry-166\" class=\"entry-item post-166 post type-post status-publish format-standard has-post-thumbnail hentry category-content category-marketing\">\n\t<header class=\"entry-header\">\t\t<span class=\"entry-meta-item entry-categories\">\n\t\t\t<a href=\"https:\/\/www.susanalinares.com\/index.php\/category\/content\/\" rel=\"category tag\">Content<\/a>, <a href=\"https:\/\/www.susanalinares.com\/index.php\/category\/marketing\/\" rel=\"category tag\">Marketing<\/a>\t\t<\/span>\n\t\t<h2 class=\"entry-title\"><a href=\"https:\/\/www.susanalinares.com\/index.php\/2022\/06\/05\/viaje-a-lima-peru\/\">Viaje a Lima &#8211; Peru<\/a><\/h2><div class=\"entry-meta\">\t\t<span class=\"entry-meta-item entry-date\">\n\t\t\t<time datetime=\"2022-06-05T13:00:28+00:00\">junio 5, 2022<\/time>\n\t\t<\/span>\n\t\t\t\t<span class=\"entry-meta-item entry-author\">\n\t\t\tby <span class=\"author vcard\"><a class=\"url fn n\" href=\"https:\/\/www.susanalinares.com\/index.php\/author\/soporte_19hffpul\/\">admin<\/a><\/span>\t\t<\/span>\n\t\t<\/div><\/header>\n\t\t<figure class=\"entry-thumb\">\n\t\t<a href=\"https:\/\/www.susanalinares.com\/index.php\/2022\/06\/05\/viaje-a-lima-peru\/\">\n\t\t\t<img loading=\"lazy\" decoding=\"async\" width=\"770\" height=\"513\" src=\"https:\/\/www.susanalinares.com\/wp-content\/uploads\/2022\/06\/peru1-770x513.jpg\" class=\"attachment-post-thumbnail size-post-thumbnail wp-post-image\" alt=\"\" srcset=\"https:\/\/www.susanalinares.com\/wp-content\/uploads\/2022\/06\/peru1-770x513.jpg 770w, https:\/\/www.susanalinares.com\/wp-content\/uploads\/2022\/06\/peru1-300x199.jpg 300w\" sizes=\"auto, (max-width: 770px) 100vw, 770px\" \/>\t\t<\/a>\n\t<\/figure>\n\t\n\t<div class=\"entry-item-content-wrap\">\n\n\t\t<div class=\"entry-item-excerpt\">\n\t\t\t<p>El Primer viaje a Am\u00e9rica se realiz\u00f3 en el a\u00f1o 2008 a la ciudad de Lima &#8211; Per\u00fa. Fue por motivo de dar mi primera conferencia en el auditorium del Hotel Los Delfines en Miraflores [&hellip;]<\/p>\n\t\t<\/div>\n\n\t\t<div class=\"entry-more-wrap\">\n\t\t\t<a href=\"https:\/\/www.susanalinares.com\/index.php\/2022\/06\/05\/viaje-a-lima-peru\/\" class=\"btn entry-more-btn\">\n\t\t\t\tRead More\t\t\t<\/a>\n\t\t<\/div>\n\t<\/div>\n<\/article>\n\n<\/div>\t\t\t\t<div class=\"uncategorized term-1 col-md-6 col-12\">\n\n<article id=\"entry-1\" class=\"entry-item post-1 post type-post status-publish format-standard has-post-thumbnail hentry category-uncategorized\">\n\t<header class=\"entry-header\">\t\t<span class=\"entry-meta-item entry-categories\">\n\t\t\t<a href=\"https:\/\/www.susanalinares.com\/index.php\/category\/uncategorized\/\" rel=\"category tag\">Uncategorized<\/a>\t\t<\/span>\n\t\t<h2 class=\"entry-title\"><a href=\"https:\/\/www.susanalinares.com\/index.php\/2022\/05\/24\/hello-world\/\">Susana Linares Gonz\u00e1lez<\/a><\/h2><div class=\"entry-meta\">\t\t<span class=\"entry-meta-item entry-date\">\n\t\t\t<time datetime=\"2022-05-24T14:44:41+00:00\">mayo 24, 2022<\/time>\n\t\t<\/span>\n\t\t\t\t<span class=\"entry-meta-item entry-author\">\n\t\t\tby <span class=\"author vcard\"><a class=\"url fn n\" href=\"https:\/\/www.susanalinares.com\/index.php\/author\/soporte_19hffpul\/\">admin<\/a><\/span>\t\t<\/span>\n\t\t\t\t\t<span class=\"entry-meta-item entry-comments-link\">\n\t\t\t\t<a href=\"https:\/\/www.susanalinares.com\/index.php\/2022\/05\/24\/hello-world\/#respond\">Leave a Comment<span class=\"screen-reader-text\"> on Susana Linares Gonz\u00e1lez<\/span><\/a>\t\t\t<\/span>\n\t\t\t<\/div><\/header>\n\t\t<figure class=\"entry-thumb\">\n\t\t<a href=\"https:\/\/www.susanalinares.com\/index.php\/2022\/05\/24\/hello-world\/\">\n\t\t\t<img loading=\"lazy\" decoding=\"async\" width=\"770\" height=\"513\" src=\"https:\/\/www.susanalinares.com\/wp-content\/uploads\/2022\/05\/7952-770x513.jpg\" class=\"attachment-post-thumbnail size-post-thumbnail wp-post-image\" alt=\"\" srcset=\"https:\/\/www.susanalinares.com\/wp-content\/uploads\/2022\/05\/7952-770x513.jpg 770w, https:\/\/www.susanalinares.com\/wp-content\/uploads\/2022\/05\/7952-300x199.jpg 300w\" sizes=\"auto, (max-width: 770px) 100vw, 770px\" \/>\t\t<\/a>\n\t<\/figure>\n\t\n\t<div class=\"entry-item-content-wrap\">\n\n\t\t<div class=\"entry-item-excerpt\">\n\t\t\t<p>Bienvenidos a mi blog personal en la que cuento quien soy y los logros realizados en mi vidaFoto cedida por el peri\u00f3dico el Pa\u00eds que se realiz\u00f3 en Mirasierra para un reportaje en el a\u00f1o [&hellip;]<\/p>\n\t\t<\/div>\n\n\t\t<div class=\"entry-more-wrap\">\n\t\t\t<a href=\"https:\/\/www.susanalinares.com\/index.php\/2022\/05\/24\/hello-world\/\" class=\"btn entry-more-btn\">\n\t\t\t\tRead More\t\t\t<\/a>\n\t\t<\/div>\n\t<\/div>\n<\/article>\n\n<\/div>\t\t\t\t<div class=\"content marketing term-5 term-7 col-md-6 col-12\">\n\n<article id=\"entry-164\" class=\"entry-item post-164 post type-post status-publish format-standard hentry category-content category-marketing\">\n\t<header class=\"entry-header\">\t\t<span class=\"entry-meta-item entry-categories\">\n\t\t\t<a href=\"https:\/\/www.susanalinares.com\/index.php\/category\/content\/\" rel=\"category tag\">Content<\/a>, <a href=\"https:\/\/www.susanalinares.com\/index.php\/category\/marketing\/\" rel=\"category tag\">Marketing<\/a>\t\t<\/span>\n\t\t<h2 class=\"entry-title\"><a href=\"https:\/\/www.susanalinares.com\/index.php\/2021\/03\/11\/why-you-need-a-blog-in-2021\/\">Why You Need A Blog In 2021<\/a><\/h2><div class=\"entry-meta\">\t\t<span class=\"entry-meta-item entry-date\">\n\t\t\t<time datetime=\"2021-03-11T09:14:35+00:00\">marzo 11, 2021<\/time>\n\t\t<\/span>\n\t\t\t\t<span class=\"entry-meta-item entry-author\">\n\t\t\tby <span class=\"author vcard\"><a class=\"url fn n\" href=\"https:\/\/www.susanalinares.com\/index.php\/author\/soporte_19hffpul\/\">admin<\/a><\/span>\t\t<\/span>\n\t\t\t\t\t<span class=\"entry-meta-item entry-comments-link\">\n\t\t\t\t<a href=\"https:\/\/www.susanalinares.com\/index.php\/2021\/03\/11\/why-you-need-a-blog-in-2021\/#respond\">Leave a Comment<span class=\"screen-reader-text\"> on Why You Need A Blog In 2021<\/span><\/a>\t\t\t<\/span>\n\t\t\t<\/div><\/header>\n\t\n\t<div class=\"entry-item-content-wrap\">\n\n\t\t<div class=\"entry-item-excerpt\">\n\t\t\t<p>Lorem ipsum dolor sit amet, consectetur adipiscing elit. Aenean sit amet scelerisque tellus. Integer in dolor lacinia, vestibulum justo nec, faucibus ipsum. Pellentesque a rhoncus urna, a pellentesque dolor. Nullam dapibus tellus eu orci congue [&hellip;]<\/p>\n\t\t<\/div>\n\n\t\t<div class=\"entry-more-wrap\">\n\t\t\t<a href=\"https:\/\/www.susanalinares.com\/index.php\/2021\/03\/11\/why-you-need-a-blog-in-2021\/\" class=\"btn entry-more-btn\">\n\t\t\t\tRead More\t\t\t<\/a>\n\t\t<\/div>\n\t<\/div>\n<\/article>\n\n<\/div>\t\t\t\t<div class=\"marketing seo tips term-7 term-8 term-10 col-md-6 col-12\">\n\n<article id=\"entry-163\" class=\"entry-item post-163 post type-post status-publish format-standard has-post-thumbnail hentry category-marketing category-seo category-tips\">\n\t<header class=\"entry-header\">\t\t<span class=\"entry-meta-item entry-categories\">\n\t\t\t<a href=\"https:\/\/www.susanalinares.com\/index.php\/category\/marketing\/\" rel=\"category tag\">Marketing<\/a>, <a href=\"https:\/\/www.susanalinares.com\/index.php\/category\/seo\/\" rel=\"category tag\">SEO<\/a>, <a href=\"https:\/\/www.susanalinares.com\/index.php\/category\/tips\/\" rel=\"category tag\">Tips<\/a>\t\t<\/span>\n\t\t<h2 class=\"entry-title\"><a href=\"https:\/\/www.susanalinares.com\/index.php\/2021\/03\/11\/seo-for-beginners\/\">SEO For Beginners<\/a><\/h2><div class=\"entry-meta\">\t\t<span class=\"entry-meta-item entry-date\">\n\t\t\t<time datetime=\"2021-03-11T09:13:11+00:00\">marzo 11, 2021<\/time>\n\t\t<\/span>\n\t\t\t\t<span class=\"entry-meta-item entry-author\">\n\t\t\tby <span class=\"author vcard\"><a class=\"url fn n\" href=\"https:\/\/www.susanalinares.com\/index.php\/author\/soporte_19hffpul\/\">admin<\/a><\/span>\t\t<\/span>\n\t\t\t\t\t<span class=\"entry-meta-item entry-comments-link\">\n\t\t\t\t<a href=\"https:\/\/www.susanalinares.com\/index.php\/2021\/03\/11\/seo-for-beginners\/#respond\">Leave a Comment<span class=\"screen-reader-text\"> on SEO For Beginners<\/span><\/a>\t\t\t<\/span>\n\t\t\t<\/div><\/header>\n\t\t<figure class=\"entry-thumb\">\n\t\t<a href=\"https:\/\/www.susanalinares.com\/index.php\/2021\/03\/11\/seo-for-beginners\/\">\n\t\t\t<img loading=\"lazy\" decoding=\"async\" width=\"770\" height=\"513\" src=\"https:\/\/www.susanalinares.com\/wp-content\/uploads\/2021\/03\/spencer03-770x513.jpg\" class=\"attachment-post-thumbnail size-post-thumbnail wp-post-image\" alt=\"\" srcset=\"https:\/\/www.susanalinares.com\/wp-content\/uploads\/2021\/03\/spencer03-770x513.jpg 770w, https:\/\/www.susanalinares.com\/wp-content\/uploads\/2021\/03\/spencer03-300x200.jpg 300w, https:\/\/www.susanalinares.com\/wp-content\/uploads\/2021\/03\/spencer03-1024x683.jpg 1024w, https:\/\/www.susanalinares.com\/wp-content\/uploads\/2021\/03\/spencer03-768x512.jpg 768w, https:\/\/www.susanalinares.com\/wp-content\/uploads\/2021\/03\/spencer03-1170x780.jpg 1170w, https:\/\/www.susanalinares.com\/wp-content\/uploads\/2021\/03\/spencer03.jpg 1200w\" sizes=\"auto, (max-width: 770px) 100vw, 770px\" \/>\t\t<\/a>\n\t<\/figure>\n\t\n\t<div class=\"entry-item-content-wrap\">\n\n\t\t<div class=\"entry-item-excerpt\">\n\t\t\t<p>Lorem ipsum dolor sit amet, consectetur adipiscing elit. Aenean sit amet scelerisque tellus. Integer in dolor lacinia, vestibulum justo nec, faucibus ipsum. Pellentesque a rhoncus urna, a pellentesque dolor. Nullam dapibus tellus eu orci congue [&hellip;]<\/p>\n\t\t<\/div>\n\n\t\t<div class=\"entry-more-wrap\">\n\t\t\t<a href=\"https:\/\/www.susanalinares.com\/index.php\/2021\/03\/11\/seo-for-beginners\/\" class=\"btn entry-more-btn\">\n\t\t\t\tRead More\t\t\t<\/a>\n\t\t<\/div>\n\t<\/div>\n<\/article>\n\n<\/div>\t\t\t\t<div class=\"content marketing term-5 term-7 col-md-6 col-12\">\n\n<article id=\"entry-162\" class=\"entry-item post-162 post type-post status-publish format-standard has-post-thumbnail hentry category-content category-marketing\">\n\t<header class=\"entry-header\">\t\t<span class=\"entry-meta-item entry-categories\">\n\t\t\t<a href=\"https:\/\/www.susanalinares.com\/index.php\/category\/content\/\" rel=\"category tag\">Content<\/a>, <a href=\"https:\/\/www.susanalinares.com\/index.php\/category\/marketing\/\" rel=\"category tag\">Marketing<\/a>\t\t<\/span>\n\t\t<h2 class=\"entry-title\"><a href=\"https:\/\/www.susanalinares.com\/index.php\/2021\/03\/11\/build-a-blog-audience-from-scratch\/\">Build A Blog Audience From Scratch<\/a><\/h2><div class=\"entry-meta\">\t\t<span class=\"entry-meta-item entry-date\">\n\t\t\t<time datetime=\"2021-03-11T09:12:21+00:00\">marzo 11, 2021<\/time>\n\t\t<\/span>\n\t\t\t\t<span class=\"entry-meta-item entry-author\">\n\t\t\tby <span class=\"author vcard\"><a class=\"url fn n\" href=\"https:\/\/www.susanalinares.com\/index.php\/author\/soporte_19hffpul\/\">admin<\/a><\/span>\t\t<\/span>\n\t\t\t\t\t<span class=\"entry-meta-item entry-comments-link\">\n\t\t\t\t<a href=\"https:\/\/www.susanalinares.com\/index.php\/2021\/03\/11\/build-a-blog-audience-from-scratch\/#respond\">Leave a Comment<span class=\"screen-reader-text\"> on Build A Blog Audience From Scratch<\/span><\/a>\t\t\t<\/span>\n\t\t\t<\/div><\/header>\n\t\t<figure class=\"entry-thumb\">\n\t\t<a href=\"https:\/\/www.susanalinares.com\/index.php\/2021\/03\/11\/build-a-blog-audience-from-scratch\/\">\n\t\t\t<img loading=\"lazy\" decoding=\"async\" width=\"770\" height=\"513\" src=\"https:\/\/www.susanalinares.com\/wp-content\/uploads\/2021\/03\/spencer06-770x513.jpg\" class=\"attachment-post-thumbnail size-post-thumbnail wp-post-image\" alt=\"\" srcset=\"https:\/\/www.susanalinares.com\/wp-content\/uploads\/2021\/03\/spencer06-770x513.jpg 770w, https:\/\/www.susanalinares.com\/wp-content\/uploads\/2021\/03\/spencer06-1170x780.jpg 1170w\" sizes=\"auto, (max-width: 770px) 100vw, 770px\" \/>\t\t<\/a>\n\t<\/figure>\n\t\n\t<div class=\"entry-item-content-wrap\">\n\n\t\t<div class=\"entry-item-excerpt\">\n\t\t\t<p>Lorem ipsum dolor sit amet, consectetur adipiscing elit. Aenean sit amet scelerisque tellus. Integer in dolor lacinia, vestibulum justo nec, faucibus ipsum. Pellentesque a rhoncus urna, a pellentesque dolor. Nullam dapibus tellus eu orci congue [&hellip;]<\/p>\n\t\t<\/div>\n\n\t\t<div class=\"entry-more-wrap\">\n\t\t\t<a href=\"https:\/\/www.susanalinares.com\/index.php\/2021\/03\/11\/build-a-blog-audience-from-scratch\/\" class=\"btn entry-more-btn\">\n\t\t\t\tRead More\t\t\t<\/a>\n\t\t<\/div>\n\t<\/div>\n<\/article>\n\n<\/div>\t\t\t\t<div class=\"content marketing term-5 term-7 col-md-6 col-12\">\n\n<article id=\"entry-161\" class=\"entry-item post-161 post type-post status-publish format-standard has-post-thumbnail hentry category-content category-marketing\">\n\t<header class=\"entry-header\">\t\t<span class=\"entry-meta-item entry-categories\">\n\t\t\t<a href=\"https:\/\/www.susanalinares.com\/index.php\/category\/content\/\" rel=\"category tag\">Content<\/a>, <a href=\"https:\/\/www.susanalinares.com\/index.php\/category\/marketing\/\" rel=\"category tag\">Marketing<\/a>\t\t<\/span>\n\t\t<h2 class=\"entry-title\"><a href=\"https:\/\/www.susanalinares.com\/index.php\/2021\/03\/11\/affiliate-marketing-for-beginners\/\">Affiliate Marketing For Beginners<\/a><\/h2><div class=\"entry-meta\">\t\t<span class=\"entry-meta-item entry-date\">\n\t\t\t<time datetime=\"2021-03-11T09:11:44+00:00\">marzo 11, 2021<\/time>\n\t\t<\/span>\n\t\t\t\t<span class=\"entry-meta-item entry-author\">\n\t\t\tby <span class=\"author vcard\"><a class=\"url fn n\" href=\"https:\/\/www.susanalinares.com\/index.php\/author\/soporte_19hffpul\/\">admin<\/a><\/span>\t\t<\/span>\n\t\t\t\t\t<span class=\"entry-meta-item entry-comments-link\">\n\t\t\t\t<a href=\"https:\/\/www.susanalinares.com\/index.php\/2021\/03\/11\/affiliate-marketing-for-beginners\/#respond\">Leave a Comment<span class=\"screen-reader-text\"> on Affiliate Marketing For Beginners<\/span><\/a>\t\t\t<\/span>\n\t\t\t<\/div><\/header>\n\t\t<figure class=\"entry-thumb\">\n\t\t<a href=\"https:\/\/www.susanalinares.com\/index.php\/2021\/03\/11\/affiliate-marketing-for-beginners\/\">\n\t\t\t<img loading=\"lazy\" decoding=\"async\" width=\"770\" height=\"513\" src=\"https:\/\/www.susanalinares.com\/wp-content\/uploads\/2021\/03\/spencer05-770x513.jpg\" class=\"attachment-post-thumbnail size-post-thumbnail wp-post-image\" alt=\"\" srcset=\"https:\/\/www.susanalinares.com\/wp-content\/uploads\/2021\/03\/spencer05-770x513.jpg 770w, https:\/\/www.susanalinares.com\/wp-content\/uploads\/2021\/03\/spencer05-300x200.jpg 300w, https:\/\/www.susanalinares.com\/wp-content\/uploads\/2021\/03\/spencer05-1024x684.jpg 1024w, https:\/\/www.susanalinares.com\/wp-content\/uploads\/2021\/03\/spencer05-768x513.jpg 768w, https:\/\/www.susanalinares.com\/wp-content\/uploads\/2021\/03\/spencer05-1170x780.jpg 1170w, https:\/\/www.susanalinares.com\/wp-content\/uploads\/2021\/03\/spencer05.jpg 1200w\" sizes=\"auto, (max-width: 770px) 100vw, 770px\" \/>\t\t<\/a>\n\t<\/figure>\n\t\n\t<div class=\"entry-item-content-wrap\">\n\n\t\t<div class=\"entry-item-excerpt\">\n\t\t\t<p>Lorem ipsum dolor sit amet, consectetur adipiscing elit. Aenean sit amet scelerisque tellus. Integer in dolor lacinia, vestibulum justo nec, faucibus ipsum. Pellentesque a rhoncus urna, a pellentesque dolor. Nullam dapibus tellus eu orci congue [&hellip;]<\/p>\n\t\t<\/div>\n\n\t\t<div class=\"entry-more-wrap\">\n\t\t\t<a href=\"https:\/\/www.susanalinares.com\/index.php\/2021\/03\/11\/affiliate-marketing-for-beginners\/\" class=\"btn entry-more-btn\">\n\t\t\t\tRead More\t\t\t<\/a>\n\t\t<\/div>\n\t<\/div>\n<\/article>\n\n<\/div><\/div><\/div>","protected":false},"excerpt":{"rendered":"","protected":false},"author":1,"featured_media":0,"parent":0,"menu_order":0,"comment_status":"closed","ping_status":"closed","template":"","meta":{"_monsterinsights_skip_tracking":false,"_monsterinsights_sitenote_active":false,"_monsterinsights_sitenote_note":"","_monsterinsights_sitenote_category":0,"footnotes":""},"class_list":["post-34","page","type-page","status-publish","hentry"],"yoast_head":"<!-- This site is optimized with the Yoast SEO plugin v27.2 - https:\/\/yoast.com\/product\/yoast-seo-wordpress\/ -->\n<title>Inicio - Susana Linares Gonzalez<\/title>\n<meta name=\"robots\" content=\"index, follow, max-snippet:-1, max-image-preview:large, max-video-preview:-1\" \/>\n<link rel=\"canonical\" href=\"https:\/\/www.susanalinares.com\/\" \/>\n<meta property=\"og:locale\" content=\"es_ES\" \/>\n<meta property=\"og:type\" content=\"article\" \/>\n<meta property=\"og:title\" content=\"Inicio - Susana Linares Gonzalez\" \/>\n<meta property=\"og:url\" content=\"https:\/\/www.susanalinares.com\/\" \/>\n<meta property=\"og:site_name\" content=\"Susana Linares Gonzalez\" \/>\n<meta property=\"article:modified_time\" content=\"2022-06-05T13:17:59+00:00\" \/>\n<meta name=\"twitter:card\" content=\"summary_large_image\" \/>\n<script type=\"application\/ld+json\" class=\"yoast-schema-graph\">{\"@context\":\"https:\/\/schema.org\",\"@graph\":[{\"@type\":\"WebPage\",\"@id\":\"https:\/\/www.susanalinares.com\/\",\"url\":\"https:\/\/www.susanalinares.com\/\",\"name\":\"Inicio - Susana Linares Gonzalez\",\"isPartOf\":{\"@id\":\"https:\/\/www.susanalinares.com\/#website\"},\"datePublished\":\"2021-03-11T09:02:57+00:00\",\"dateModified\":\"2022-06-05T13:17:59+00:00\",\"breadcrumb\":{\"@id\":\"https:\/\/www.susanalinares.com\/#breadcrumb\"},\"inLanguage\":\"es\",\"potentialAction\":[{\"@type\":\"ReadAction\",\"target\":[\"https:\/\/www.susanalinares.com\/\"]}]},{\"@type\":\"BreadcrumbList\",\"@id\":\"https:\/\/www.susanalinares.com\/#breadcrumb\",\"itemListElement\":[{\"@type\":\"ListItem\",\"position\":1,\"name\":\"Portada\",\"item\":\"https:\/\/www.susanalinares.com\/\"},{\"@type\":\"ListItem\",\"position\":2,\"name\":\"Inicio\"}]},{\"@type\":\"WebSite\",\"@id\":\"https:\/\/www.susanalinares.com\/#website\",\"url\":\"https:\/\/www.susanalinares.com\/\",\"name\":\"Susana Linares Gonzalez\",\"description\":\"Emprendedora pionera LGTBI\",\"publisher\":{\"@id\":\"https:\/\/www.susanalinares.com\/#organization\"},\"potentialAction\":[{\"@type\":\"SearchAction\",\"target\":{\"@type\":\"EntryPoint\",\"urlTemplate\":\"https:\/\/www.susanalinares.com\/?s={search_term_string}\"},\"query-input\":{\"@type\":\"PropertyValueSpecification\",\"valueRequired\":true,\"valueName\":\"search_term_string\"}}],\"inLanguage\":\"es\"},{\"@type\":\"Organization\",\"@id\":\"https:\/\/www.susanalinares.com\/#organization\",\"name\":\"Susana Linares Gonzalez\",\"url\":\"https:\/\/www.susanalinares.com\/\",\"logo\":{\"@type\":\"ImageObject\",\"inLanguage\":\"es\",\"@id\":\"https:\/\/www.susanalinares.com\/#\/schema\/logo\/image\/\",\"url\":\"https:\/\/www.susanalinares.com\/wp-content\/uploads\/2022\/06\/cropped-cropped-cropped-susanalogo-e1654514063715.jpg\",\"contentUrl\":\"https:\/\/www.susanalinares.com\/wp-content\/uploads\/2022\/06\/cropped-cropped-cropped-susanalogo-e1654514063715.jpg\",\"width\":115,\"height\":115,\"caption\":\"Susana Linares Gonzalez\"},\"image\":{\"@id\":\"https:\/\/www.susanalinares.com\/#\/schema\/logo\/image\/\"}}]}<\/script>\n<!-- \/ Yoast SEO plugin. -->","yoast_head_json":{"title":"Inicio - Susana Linares Gonzalez","robots":{"index":"index","follow":"follow","max-snippet":"max-snippet:-1","max-image-preview":"max-image-preview:large","max-video-preview":"max-video-preview:-1"},"canonical":"https:\/\/www.susanalinares.com\/","og_locale":"es_ES","og_type":"article","og_title":"Inicio - Susana Linares Gonzalez","og_url":"https:\/\/www.susanalinares.com\/","og_site_name":"Susana Linares Gonzalez","article_modified_time":"2022-06-05T13:17:59+00:00","twitter_card":"summary_large_image","schema":{"@context":"https:\/\/schema.org","@graph":[{"@type":"WebPage","@id":"https:\/\/www.susanalinares.com\/","url":"https:\/\/www.susanalinares.com\/","name":"Inicio - Susana Linares Gonzalez","isPartOf":{"@id":"https:\/\/www.susanalinares.com\/#website"},"datePublished":"2021-03-11T09:02:57+00:00","dateModified":"2022-06-05T13:17:59+00:00","breadcrumb":{"@id":"https:\/\/www.susanalinares.com\/#breadcrumb"},"inLanguage":"es","potentialAction":[{"@type":"ReadAction","target":["https:\/\/www.susanalinares.com\/"]}]},{"@type":"BreadcrumbList","@id":"https:\/\/www.susanalinares.com\/#breadcrumb","itemListElement":[{"@type":"ListItem","position":1,"name":"Portada","item":"https:\/\/www.susanalinares.com\/"},{"@type":"ListItem","position":2,"name":"Inicio"}]},{"@type":"WebSite","@id":"https:\/\/www.susanalinares.com\/#website","url":"https:\/\/www.susanalinares.com\/","name":"Susana Linares Gonzalez","description":"Emprendedora pionera LGTBI","publisher":{"@id":"https:\/\/www.susanalinares.com\/#organization"},"potentialAction":[{"@type":"SearchAction","target":{"@type":"EntryPoint","urlTemplate":"https:\/\/www.susanalinares.com\/?s={search_term_string}"},"query-input":{"@type":"PropertyValueSpecification","valueRequired":true,"valueName":"search_term_string"}}],"inLanguage":"es"},{"@type":"Organization","@id":"https:\/\/www.susanalinares.com\/#organization","name":"Susana Linares Gonzalez","url":"https:\/\/www.susanalinares.com\/","logo":{"@type":"ImageObject","inLanguage":"es","@id":"https:\/\/www.susanalinares.com\/#\/schema\/logo\/image\/","url":"https:\/\/www.susanalinares.com\/wp-content\/uploads\/2022\/06\/cropped-cropped-cropped-susanalogo-e1654514063715.jpg","contentUrl":"https:\/\/www.susanalinares.com\/wp-content\/uploads\/2022\/06\/cropped-cropped-cropped-susanalogo-e1654514063715.jpg","width":115,"height":115,"caption":"Susana Linares Gonzalez"},"image":{"@id":"https:\/\/www.susanalinares.com\/#\/schema\/logo\/image\/"}}]}},"_links":{"self":[{"href":"https:\/\/www.susanalinares.com\/index.php\/wp-json\/wp\/v2\/pages\/34","targetHints":{"allow":["GET"]}}],"collection":[{"href":"https:\/\/www.susanalinares.com\/index.php\/wp-json\/wp\/v2\/pages"}],"about":[{"href":"https:\/\/www.susanalinares.com\/index.php\/wp-json\/wp\/v2\/types\/page"}],"author":[{"embeddable":true,"href":"https:\/\/www.susanalinares.com\/index.php\/wp-json\/wp\/v2\/users\/1"}],"replies":[{"embeddable":true,"href":"https:\/\/www.susanalinares.com\/index.php\/wp-json\/wp\/v2\/comments?post=34"}],"version-history":[{"count":2,"href":"https:\/\/www.susanalinares.com\/index.php\/wp-json\/wp\/v2\/pages\/34\/revisions"}],"predecessor-version":[{"id":193,"href":"https:\/\/www.susanalinares.com\/index.php\/wp-json\/wp\/v2\/pages\/34\/revisions\/193"}],"wp:attachment":[{"href":"https:\/\/www.susanalinares.com\/index.php\/wp-json\/wp\/v2\/media?parent=34"}],"curies":[{"name":"wp","href":"https:\/\/api.w.org\/{rel}","templated":true}]}}