{"id":16,"date":"2022-06-03T11:49:50","date_gmt":"2022-06-03T11:49:50","guid":{"rendered":"https:\/\/www.susanalinares.com\/?page_id=16"},"modified":"2022-06-07T16:03:08","modified_gmt":"2022-06-07T16:03:08","slug":"una-nueva-vida","status":"publish","type":"page","link":"https:\/\/www.susanalinares.com\/index.php\/una-nueva-vida\/","title":{"rendered":"Una nueva vida"},"content":{"rendered":"\n<figure class=\"wp-block-gallery has-nested-images columns-default is-cropped wp-block-gallery-1 is-layout-flex wp-block-gallery-is-layout-flex\">\n<figure class=\"wp-block-image size-large is-style-default\"><img loading=\"lazy\" decoding=\"async\" width=\"1024\" height=\"745\" data-id=\"285\" src=\"https:\/\/www.susanalinares.com\/wp-content\/uploads\/2022\/06\/operacion-susana-1024x745.jpg\" alt=\"\" class=\"wp-image-285\" srcset=\"https:\/\/www.susanalinares.com\/wp-content\/uploads\/2022\/06\/operacion-susana-1024x745.jpg 1024w, https:\/\/www.susanalinares.com\/wp-content\/uploads\/2022\/06\/operacion-susana-300x218.jpg 300w, https:\/\/www.susanalinares.com\/wp-content\/uploads\/2022\/06\/operacion-susana-768x559.jpg 768w, https:\/\/www.susanalinares.com\/wp-content\/uploads\/2022\/06\/operacion-susana.jpg 1172w\" sizes=\"auto, (max-width: 1024px) 100vw, 1024px\" \/><\/figure>\n<\/figure>\n\n\n\n<p>Esta imagen corresponde al peri\u00f3dico Diario 16 sobre mi operaci\u00f3n de cambio de sexo celebrada en el a\u00f1o 1986<\/p>\n","protected":false},"excerpt":{"rendered":"<p>Esta imagen corresponde al peri\u00f3dico Diario 16 sobre mi operaci\u00f3n de cambio de sexo celebrada en el a\u00f1o 1986<\/p>\n","protected":false},"author":1,"featured_media":0,"parent":0,"menu_order":0,"comment_status":"closed","ping_status":"closed","template":"","meta":{"_monsterinsights_skip_tracking":false,"_monsterinsights_sitenote_active":false,"_monsterinsights_sitenote_note":"","_monsterinsights_sitenote_category":0,"footnotes":""},"class_list":["post-16","page","type-page","status-publish","hentry"],"yoast_head":"<!-- This site is optimized with the Yoast SEO plugin v27.2 - https:\/\/yoast.com\/product\/yoast-seo-wordpress\/ -->\n<title>Una nueva vida - Susana Linares Gonzalez<\/title>\n<meta name=\"robots\" content=\"index, follow, max-snippet:-1, max-image-preview:large, max-video-preview:-1\" \/>\n<link rel=\"canonical\" href=\"https:\/\/www.susanalinares.com\/index.php\/una-nueva-vida\/\" \/>\n<meta property=\"og:locale\" content=\"es_ES\" \/>\n<meta property=\"og:type\" content=\"article\" \/>\n<meta property=\"og:title\" content=\"Una nueva vida - Susana Linares Gonzalez\" \/>\n<meta property=\"og:description\" content=\"Esta imagen corresponde al peri\u00f3dico Diario 16 sobre mi operaci\u00f3n de cambio de sexo celebrada en el a\u00f1o 1986\" \/>\n<meta property=\"og:url\" content=\"https:\/\/www.susanalinares.com\/index.php\/una-nueva-vida\/\" \/>\n<meta property=\"og:site_name\" content=\"Susana Linares Gonzalez\" \/>\n<meta property=\"article:modified_time\" content=\"2022-06-07T16:03:08+00:00\" \/>\n<meta property=\"og:image\" content=\"https:\/\/www.susanalinares.com\/wp-content\/uploads\/2022\/06\/operacion-susana-1024x745.jpg\" \/>\n<meta name=\"twitter:card\" content=\"summary_large_image\" \/>\n<meta name=\"twitter:label1\" content=\"Tiempo de lectura\" \/>\n\t<meta name=\"twitter:data1\" content=\"1 minuto\" \/>\n<script type=\"application\/ld+json\" class=\"yoast-schema-graph\">{\"@context\":\"https:\/\/schema.org\",\"@graph\":[{\"@type\":\"WebPage\",\"@id\":\"https:\/\/www.susanalinares.com\/index.php\/una-nueva-vida\/\",\"url\":\"https:\/\/www.susanalinares.com\/index.php\/una-nueva-vida\/\",\"name\":\"Una nueva vida - Susana Linares Gonzalez\",\"isPartOf\":{\"@id\":\"https:\/\/www.susanalinares.com\/#website\"},\"primaryImageOfPage\":{\"@id\":\"https:\/\/www.susanalinares.com\/index.php\/una-nueva-vida\/#primaryimage\"},\"image\":{\"@id\":\"https:\/\/www.susanalinares.com\/index.php\/una-nueva-vida\/#primaryimage\"},\"thumbnailUrl\":\"https:\/\/www.susanalinares.com\/wp-content\/uploads\/2022\/06\/operacion-susana-1024x745.jpg\",\"datePublished\":\"2022-06-03T11:49:50+00:00\",\"dateModified\":\"2022-06-07T16:03:08+00:00\",\"breadcrumb\":{\"@id\":\"https:\/\/www.susanalinares.com\/index.php\/una-nueva-vida\/#breadcrumb\"},\"inLanguage\":\"es\",\"potentialAction\":[{\"@type\":\"ReadAction\",\"target\":[\"https:\/\/www.susanalinares.com\/index.php\/una-nueva-vida\/\"]}]},{\"@type\":\"ImageObject\",\"inLanguage\":\"es\",\"@id\":\"https:\/\/www.susanalinares.com\/index.php\/una-nueva-vida\/#primaryimage\",\"url\":\"https:\/\/www.susanalinares.com\/wp-content\/uploads\/2022\/06\/operacion-susana.jpg\",\"contentUrl\":\"https:\/\/www.susanalinares.com\/wp-content\/uploads\/2022\/06\/operacion-susana.jpg\",\"width\":1172,\"height\":853},{\"@type\":\"BreadcrumbList\",\"@id\":\"https:\/\/www.susanalinares.com\/index.php\/una-nueva-vida\/#breadcrumb\",\"itemListElement\":[{\"@type\":\"ListItem\",\"position\":1,\"name\":\"Portada\",\"item\":\"https:\/\/www.susanalinares.com\/\"},{\"@type\":\"ListItem\",\"position\":2,\"name\":\"Una nueva vida\"}]},{\"@type\":\"WebSite\",\"@id\":\"https:\/\/www.susanalinares.com\/#website\",\"url\":\"https:\/\/www.susanalinares.com\/\",\"name\":\"Susana Linares Gonzalez\",\"description\":\"Emprendedora pionera LGTBI\",\"publisher\":{\"@id\":\"https:\/\/www.susanalinares.com\/#organization\"},\"potentialAction\":[{\"@type\":\"SearchAction\",\"target\":{\"@type\":\"EntryPoint\",\"urlTemplate\":\"https:\/\/www.susanalinares.com\/?s={search_term_string}\"},\"query-input\":{\"@type\":\"PropertyValueSpecification\",\"valueRequired\":true,\"valueName\":\"search_term_string\"}}],\"inLanguage\":\"es\"},{\"@type\":\"Organization\",\"@id\":\"https:\/\/www.susanalinares.com\/#organization\",\"name\":\"Susana Linares Gonzalez\",\"url\":\"https:\/\/www.susanalinares.com\/\",\"logo\":{\"@type\":\"ImageObject\",\"inLanguage\":\"es\",\"@id\":\"https:\/\/www.susanalinares.com\/#\/schema\/logo\/image\/\",\"url\":\"https:\/\/www.susanalinares.com\/wp-content\/uploads\/2022\/06\/cropped-cropped-cropped-susanalogo-e1654514063715.jpg\",\"contentUrl\":\"https:\/\/www.susanalinares.com\/wp-content\/uploads\/2022\/06\/cropped-cropped-cropped-susanalogo-e1654514063715.jpg\",\"width\":115,\"height\":115,\"caption\":\"Susana Linares Gonzalez\"},\"image\":{\"@id\":\"https:\/\/www.susanalinares.com\/#\/schema\/logo\/image\/\"}}]}<\/script>\n<!-- \/ Yoast SEO plugin. -->","yoast_head_json":{"title":"Una nueva vida - Susana Linares Gonzalez","robots":{"index":"index","follow":"follow","max-snippet":"max-snippet:-1","max-image-preview":"max-image-preview:large","max-video-preview":"max-video-preview:-1"},"canonical":"https:\/\/www.susanalinares.com\/index.php\/una-nueva-vida\/","og_locale":"es_ES","og_type":"article","og_title":"Una nueva vida - Susana Linares Gonzalez","og_description":"Esta imagen corresponde al peri\u00f3dico Diario 16 sobre mi operaci\u00f3n de cambio de sexo celebrada en el a\u00f1o 1986","og_url":"https:\/\/www.susanalinares.com\/index.php\/una-nueva-vida\/","og_site_name":"Susana Linares Gonzalez","article_modified_time":"2022-06-07T16:03:08+00:00","og_image":[{"url":"https:\/\/www.susanalinares.com\/wp-content\/uploads\/2022\/06\/operacion-susana-1024x745.jpg","type":"","width":"","height":""}],"twitter_card":"summary_large_image","twitter_misc":{"Tiempo de lectura":"1 minuto"},"schema":{"@context":"https:\/\/schema.org","@graph":[{"@type":"WebPage","@id":"https:\/\/www.susanalinares.com\/index.php\/una-nueva-vida\/","url":"https:\/\/www.susanalinares.com\/index.php\/una-nueva-vida\/","name":"Una nueva vida - Susana Linares Gonzalez","isPartOf":{"@id":"https:\/\/www.susanalinares.com\/#website"},"primaryImageOfPage":{"@id":"https:\/\/www.susanalinares.com\/index.php\/una-nueva-vida\/#primaryimage"},"image":{"@id":"https:\/\/www.susanalinares.com\/index.php\/una-nueva-vida\/#primaryimage"},"thumbnailUrl":"https:\/\/www.susanalinares.com\/wp-content\/uploads\/2022\/06\/operacion-susana-1024x745.jpg","datePublished":"2022-06-03T11:49:50+00:00","dateModified":"2022-06-07T16:03:08+00:00","breadcrumb":{"@id":"https:\/\/www.susanalinares.com\/index.php\/una-nueva-vida\/#breadcrumb"},"inLanguage":"es","potentialAction":[{"@type":"ReadAction","target":["https:\/\/www.susanalinares.com\/index.php\/una-nueva-vida\/"]}]},{"@type":"ImageObject","inLanguage":"es","@id":"https:\/\/www.susanalinares.com\/index.php\/una-nueva-vida\/#primaryimage","url":"https:\/\/www.susanalinares.com\/wp-content\/uploads\/2022\/06\/operacion-susana.jpg","contentUrl":"https:\/\/www.susanalinares.com\/wp-content\/uploads\/2022\/06\/operacion-susana.jpg","width":1172,"height":853},{"@type":"BreadcrumbList","@id":"https:\/\/www.susanalinares.com\/index.php\/una-nueva-vida\/#breadcrumb","itemListElement":[{"@type":"ListItem","position":1,"name":"Portada","item":"https:\/\/www.susanalinares.com\/"},{"@type":"ListItem","position":2,"name":"Una nueva vida"}]},{"@type":"WebSite","@id":"https:\/\/www.susanalinares.com\/#website","url":"https:\/\/www.susanalinares.com\/","name":"Susana Linares Gonzalez","description":"Emprendedora pionera LGTBI","publisher":{"@id":"https:\/\/www.susanalinares.com\/#organization"},"potentialAction":[{"@type":"SearchAction","target":{"@type":"EntryPoint","urlTemplate":"https:\/\/www.susanalinares.com\/?s={search_term_string}"},"query-input":{"@type":"PropertyValueSpecification","valueRequired":true,"valueName":"search_term_string"}}],"inLanguage":"es"},{"@type":"Organization","@id":"https:\/\/www.susanalinares.com\/#organization","name":"Susana Linares Gonzalez","url":"https:\/\/www.susanalinares.com\/","logo":{"@type":"ImageObject","inLanguage":"es","@id":"https:\/\/www.susanalinares.com\/#\/schema\/logo\/image\/","url":"https:\/\/www.susanalinares.com\/wp-content\/uploads\/2022\/06\/cropped-cropped-cropped-susanalogo-e1654514063715.jpg","contentUrl":"https:\/\/www.susanalinares.com\/wp-content\/uploads\/2022\/06\/cropped-cropped-cropped-susanalogo-e1654514063715.jpg","width":115,"height":115,"caption":"Susana Linares Gonzalez"},"image":{"@id":"https:\/\/www.susanalinares.com\/#\/schema\/logo\/image\/"}}]}},"_links":{"self":[{"href":"https:\/\/www.susanalinares.com\/index.php\/wp-json\/wp\/v2\/pages\/16","targetHints":{"allow":["GET"]}}],"collection":[{"href":"https:\/\/www.susanalinares.com\/index.php\/wp-json\/wp\/v2\/pages"}],"about":[{"href":"https:\/\/www.susanalinares.com\/index.php\/wp-json\/wp\/v2\/types\/page"}],"author":[{"embeddable":true,"href":"https:\/\/www.susanalinares.com\/index.php\/wp-json\/wp\/v2\/users\/1"}],"replies":[{"embeddable":true,"href":"https:\/\/www.susanalinares.com\/index.php\/wp-json\/wp\/v2\/comments?post=16"}],"version-history":[{"count":8,"href":"https:\/\/www.susanalinares.com\/index.php\/wp-json\/wp\/v2\/pages\/16\/revisions"}],"predecessor-version":[{"id":293,"href":"https:\/\/www.susanalinares.com\/index.php\/wp-json\/wp\/v2\/pages\/16\/revisions\/293"}],"wp:attachment":[{"href":"https:\/\/www.susanalinares.com\/index.php\/wp-json\/wp\/v2\/media?parent=16"}],"curies":[{"name":"wp","href":"https:\/\/api.w.org\/{rel}","templated":true}]}}